{"id":1104,"date":"2017-12-04T07:37:08","date_gmt":"2017-12-04T06:37:08","guid":{"rendered":"https:\/\/www.ddg-gastro.be\/?page_id=1104\/"},"modified":"2025-04-08T11:22:31","modified_gmt":"2025-04-08T10:22:31","slug":"behandeling-van-obesitas-met-de-maagballon","status":"publish","type":"page","link":"https:\/\/welliecare.com\/nl\/behandeling-van-obesitas-met-de-maagballon\/","title":{"rendered":"Behandeling van obesitas met de maagballon"},"content":{"rendered":"\n<h1 class=\"wp-block-heading has-text-align-center\">Plaatsen van een maagballon<\/h1>\n\n\n\n<p class=\"has-text-align-center has-text-color\" style=\"color:#727272\">De plaatsing van de maagballon is een procedure onder een lichte narcose gebracht via endoscopisch door een gastro-enteroloog<\/p>\n\n\n\n<figure class=\"wp-block-embed is-type-video is-provider-youtube wp-block-embed-youtube wp-embed-aspect-16-9 wp-has-aspect-ratio\"><div class=\"wp-block-embed__wrapper\">\n<iframe title=\"pose du ballon gastrique\" width=\"1220\" height=\"686\" src=\"https:\/\/www.youtube.com\/embed\/nFUz6P5e6Cs?feature=oembed\" frameborder=\"0\" allow=\"accelerometer; autoplay; clipboard-write; encrypted-media; gyroscope; picture-in-picture; web-share\" allowfullscreen><\/iframe>\n<\/div><\/figure>\n\n\n\n<h2 class=\"wp-block-heading\">Wat is de intra-gastrische ballon?<\/h2>\n\n\n\n<p>De intra-gastrische ballon &#8211; ook wel gastrische ballon genoemd &#8211; is zoals de naam al aangeeft een siliconen ballon, gevuld met fysiologische zoutoplossing. Hij is voorzien van een radio-opake sonde die zichtbaar is op r\u00f6ntgenfoto&#8217;s. Het is een uitstekende oplossing om obesitas te behandelen.<\/p>\n\n\n\n<p>Eenmaal in de maag geplaatst, neemt de gastrische ballon een derde van de ruimte in beslag en drijft er vrij rond. Inderdaad, de ruimte die het inneemt vermindert de grootte van de maag en cre\u00ebert daardoor een gevoel van volheid en verzadiging. Samengevat, de voedingsbehoeften zullen daardoor verminderd worden. De pati\u00ebnt zal echter normaal blijven eten, maar in veel kleinere porties. Als gevolg daarvan volgt er <strong>gewichtsverlies<\/strong>.<\/p>\n\n\n\n<p>De intra-gastrische ballon blijft 3 tot 12 maanden op zijn plaats, afhankelijk van het model, en wordt daarna verwijderd door de gastro-enteroloog.<\/p>\n\n\n\n<h2 class=\"wp-block-heading\">Voor wie is de intra-gastrische ballon bedoeld?<\/h2>\n\n\n\n<p>De intra-gastrische ballon is ideaal voor iedereen die lijdt aan obesitas met een <strong><a href=\"\/nl\/berekenen-bmi\/\" target=\"_blank\" rel=\"noreferrer noopener\">BMI<\/a><\/strong> (Body Mass Index) tussen 28 en 30. Deze personen hebben eerder geprobeerd af te vallen door <strong><a href=\"\/nl\/methoden-om-af-te-vallen\/\" target=\"_blank\" rel=\"noreferrer noopener\">gewichtsverlies methoden<\/a><\/strong> te proberen. Vooral door een <strong><a href=\"\/nl\/obesitas-overgewicht\/dieet\/\" target=\"_blank\" rel=\"noreferrer noopener\">dieet<\/a><\/strong> te volgen en te sporten, zonder succes. Het is daarom een oplossing om als laatste redmiddel te overwegen.<\/p>\n\n\n\n<p>Daarom is de gastrische ballon een uitstekende niet-chirurgische behandeling om obesitas te bestrijden. Het is een uitstekend alternatief voor bariatrische chirurgie.<\/p>\n\n\n\n<h2 class=\"wp-block-heading\">Wat zijn de contra-indicaties?<\/h2>\n\n\n\n<p>Zoals elke medische praktijk, is de plaatsing van de intra-gastrische ballon onmogelijk in geval van:<\/p>\n\n\n\n<ul class=\"wp-block-list\">\n<li>Ziekte van Crohn<\/li>\n\n\n\n<li>Ernstige leverziekte<\/li>\n\n\n\n<li>Zwangerschap<\/li>\n\n\n\n<li>Boulimia of andere eetstoornissen<\/li>\n\n\n\n<li>Alcoholisme of drugsverslaving<\/li>\n\n\n\n<li>Ernstige mentale of cognitieve stoornissen<\/li>\n\n\n\n<li>Voorgeschiedenis van maagoperaties (maagband of antireflux)<\/li>\n\n\n\n<li>Hernia hiataal groter dan 5 cm<\/li>\n\n\n\n<li>Ernstige oesofagitis<\/li>\n\n\n\n<li>Maagduodenumzweer<\/li>\n<\/ul>\n\n\n\n<p>Als u lijdt aan een van deze aandoeningen of zwanger bent en overweegt een intra-gastrische ballon te plaatsen, is het beter om hierover eerst met uw arts te praten.<\/p>\n\n\n\n<h2 class=\"wp-block-heading\">De verschillende types van intra-gastrische ballonnen en de plaatsingsprocedure<\/h2>\n\n\n\n<p>Er zijn twee types van intra-gastrische ballonnen:<\/p>\n\n\n\n<ul class=\"wp-block-list\">\n<li>de klassieke gastrische ballon, geplaatst door gastroscopie<\/li>\n\n\n\n<li>de slikbare intra-gastrische ballon<\/li>\n<\/ul>\n\n\n\n<p>Ongeacht het type intra-gastrische ballon dat u verkiest, moet u weten dat deze procedure niet onbeduidend is. In feite is het essentieel om te worden toegelaten tot een <strong><a href=\"https:\/\/welliecare.com\/nl\/\" target=\"_blank\" rel=\"noreferrer noopener\">kliniek gespecialiseerd in spijsverteringsendoscopie<\/a><\/strong>.<\/p>\n\n\n\n<h3 class=\"wp-block-heading\">De slikbare intra-gastrische ballon<\/h3>\n\n\n\n<p>Dit type intra-gastrische ballon vereist geen endoscopie of anesthesie. De lege ballon is verbonden met een dunne katheter.<\/p>\n\n\n\n<p>In de eerste plaats slikt de pati\u00ebnt de ballon in, die de grootte heeft van een pil. Een r\u00f6ntgenfoto bevestigt dat de gastrische ballon in de maag is geplaatst. Daar lost de (vegetarische) capsule die de ballon omhult op in de maag.<\/p>\n\n\n\n<p>In de tweede plaats vult de arts de intra-gastrische ballon met een zoutoplossing via de buis die is verbonden met de katheter. Een tweede r\u00f6ntgenfoto bevestigt dat de ballon goed gevuld is.<\/p>\n\n\n\n<p>Ten slotte wordt de buis die aan de katheter is verbonden door de mond van de pati\u00ebnt verwijderd.<\/p>\n\n\n\n<p>In totaal duurt deze procedure ongeveer 20 minuten.<\/p>\n\n\n\n<p>Dit type van intra-gastrische ballon hoeft na enkele maanden niet te worden verwijderd. Inderdaad, na ongeveer vier maanden breekt de slikbare gastrische ballon af en wordt op natuurlijke wijze uit het spijsverteringskanaal ge\u00ebvacueerd.<\/p>\n\n\n\n<figure class=\"wp-block-image size-full is-resized\"><img decoding=\"async\" width=\"448\" height=\"260\" src=\"https:\/\/welliecare.com\/wp-content\/uploads\/2016\/10\/pose-ballon-intra-gastrique.jpg\" alt=\"plaatsing van de intragastrische ballon\" class=\"wp-image-508\" style=\"width:800px\" srcset=\"https:\/\/welliecare.com\/wp-content\/uploads\/2016\/10\/pose-ballon-intra-gastrique.jpg 448w, https:\/\/welliecare.com\/wp-content\/uploads\/2016\/10\/pose-ballon-intra-gastrique-300x174.jpg 300w, https:\/\/welliecare.com\/wp-content\/uploads\/2016\/10\/pose-ballon-intra-gastrique-252x146.jpg 252w, https:\/\/welliecare.com\/wp-content\/uploads\/2016\/10\/pose-ballon-intra-gastrique-50x29.jpg 50w, https:\/\/welliecare.com\/wp-content\/uploads\/2016\/10\/pose-ballon-intra-gastrique-129x75.jpg 129w\" sizes=\"(max-width:767px) 448px, 448px\" \/><figcaption class=\"wp-element-caption\">Intra-gastrische ballon met zijn sonde verbonden aan de katheter, naast een muntstuk.<\/figcaption><\/figure>\n\n\n\n<h3 class=\"wp-block-heading\">De klassieke intra-gastrische ballon<\/h3>\n\n\n\n<p>De plaatsing van de klassieke gastrische ballon gebeurt in twee stappen. Een voorbereidingsfase en de plaatsing zelf.<\/p>\n\n\n\n<h4 class=\"wp-block-heading\">Voorbereidingsfase<\/h4>\n\n\n\n<p>Eerst en vooral is er een voorbereidende fase om enerzijds te verzekeren dat de zwaarlijvige pati\u00ebnt in aanmerking komt voor de behandeling. En anderzijds om zijn medische voorgeschiedenis en zijn parcours te controleren.<\/p>\n\n\n\n<p>Daarom is de ontmoeting vooraf met de verschillende <strong><a href=\"\/nl\/all-team\/\" target=\"_blank\" rel=\"noreferrer noopener\">pgezondheidswerkers van onze kliniek<\/a><\/strong> essentieel: voedingsdeskundige, psycholoog, gastro-enteroloog en anesthesist. Op het programma van deze afspraken: gezondheidscontrole, BMI-berekening, evaluatie van het eetgedrag, bepaling van de risico&#8217;s van depressie, etc.<\/p>\n\n\n\n<h4 class=\"wp-block-heading\">Plaatsing van de gastrische ballon<\/h4>\n\n\n\n<p>De <strong>gastro-enteroloog<\/strong> is verantwoordelijk voor het plaatsen van de intra-gastrische ballon. Dus de pati\u00ebnt krijgt een lichte dosis sedatie v\u00f3\u00f3r het begin van de interventie om zijn stress te verminderen en zijn comfort te verzekeren.<\/p>\n\n\n\n<p>Eerst en vooral voert hij een endoscopie van de maag uit om te controleren of het spijsverteringskanaal van de zwaarlijvige pati\u00ebnt geschikt is voor de plaatsing.<\/p>\n\n\n\n<p>In de tweede plaats brengt de arts de lege ballon via de mond in tot hij de maag bereikt. Eenmaal op zijn plaats vult de gastro-enteroloog deze met lucht of vloeistof via de katheter. De zoutoplossing die de intra-gastrische ballon vult, bevat een portie methyleenblauw. Dit is om onmiddellijk lekkage van de ballon te identificeren.<\/p>\n\n\n\n<p>Ten slotte kan de arts de sonde verwijderen door aan het inwendige uiteinde van de katheter te trekken. Bij het verwijderen sluit de gastrische ballon om te voorkomen dat de vloeibare inhoud ervan lekt. Nu drijft de intra-gastrische ballon vrij in de maag.<\/p>\n\n\n\n<p>Deze ingreep duurt minder dan een kwartier. Dat gezegd hebbende, de pati\u00ebnt zal toch nog een uur na de plaatsing onder toezicht moeten blijven.<\/p>\n\n\n\n<figure class=\"wp-block-image size-large\"><img decoding=\"async\" width=\"1024\" height=\"1024\" src=\"https:\/\/welliecare.com\/wp-content\/uploads\/2022\/12\/ballon-intra-gastrique-1024x1024.jpg\" alt=\"intra-gastrische ballon\" class=\"wp-image-6294\" srcset=\"https:\/\/welliecare.com\/wp-content\/uploads\/2022\/12\/ballon-intra-gastrique-1024x1024.jpg 1024w, https:\/\/welliecare.com\/wp-content\/uploads\/2022\/12\/ballon-intra-gastrique-300x300.jpg 300w, https:\/\/welliecare.com\/wp-content\/uploads\/2022\/12\/ballon-intra-gastrique-150x150.jpg 150w, https:\/\/welliecare.com\/wp-content\/uploads\/2022\/12\/ballon-intra-gastrique-768x768.jpg 768w, https:\/\/welliecare.com\/wp-content\/uploads\/2022\/12\/ballon-intra-gastrique-1536x1536.jpg 1536w, https:\/\/welliecare.com\/wp-content\/uploads\/2022\/12\/ballon-intra-gastrique-2048x2048.jpg 2048w, https:\/\/welliecare.com\/wp-content\/uploads\/2022\/12\/ballon-intra-gastrique-146x146.jpg 146w, https:\/\/welliecare.com\/wp-content\/uploads\/2022\/12\/ballon-intra-gastrique-50x50.jpg 50w, https:\/\/welliecare.com\/wp-content\/uploads\/2022\/12\/ballon-intra-gastrique-75x75.jpg 75w, https:\/\/welliecare.com\/wp-content\/uploads\/2022\/12\/ballon-intra-gastrique-85x85.jpg 85w, https:\/\/welliecare.com\/wp-content\/uploads\/2022\/12\/ballon-intra-gastrique-80x80.jpg 80w\" sizes=\"(max-width:767px) 480px, (max-width:1024px) 100vw, 1024px\" \/><figcaption class=\"wp-element-caption\">Illustratie van de intra-gastrische ballon geplaatst in de maag.<\/figcaption><\/figure>\n\n\n\n<h2 class=\"wp-block-heading\">Opvolging van de plaatsing van de gastrische ballon<\/h2>\n\n\n\n<p>De eerste dagen na de plaatsing van de gastrische ballon zijn doorgaans oncomfortabel. Het hele team zal echter bereikbaar zijn om u te helpen bij eventuele moeilijkheden. De symptomen die de eerste 72 uur worden gevoeld zijn:<\/p>\n\n\n\n<ul class=\"wp-block-list\">\n<li>buikongemak<\/li>\n\n\n\n<li>misselijkheid<\/li>\n\n\n\n<li>braken<\/li>\n<\/ul>\n\n\n\n<p>Maak je geen zorgen, <strong>deze manifestaties zijn volkomen normaal<\/strong>. Het lichaam heeft een aanpassingstijd nodig. De verschillende artsen van ons team geven uiteraard instructies aan de pati\u00ebnten om deze ongemakken te verlichten.<\/p>\n\n\n\n<p>In de eerste dagen moeten enkele basisregels worden gevolgd, zoals goed hydrateren maar in kleine hoeveelheden en alleen vloeibaar voedsel eten.<\/p>\n\n\n\n<h2 class=\"wp-block-heading\">Pati\u00ebntopvolging<\/h2>\n\n\n\n<p>Na de plaatsing van de intra-gastrische ballon zal er regelmatige opvolging zijn door ons multidisciplinaire medische team. Bestaande uit een gastro-enteroloog, een voedingsdeskundige en een psycholoog, is deze opvolging essentieel. Met name om het succes en het bereiken van het gewichtsverliesdoel door de zwaarlijvige pati\u00ebnt te verzekeren.<\/p>\n\n\n\n<p>Deze consultaties zullen in eerste instantie wekelijks zijn. Daarna worden ze geleidelijk aan minder frequent: een consultatie om de twee weken. In de laatste maand worden ze weer wekelijks om te zorgen dat de pati\u00ebnt in staat is om op de lange termijn zijn goede gewoonten te behouden die hij tijdens deze periode heeft verworven, en zo zijn gewichtsverlies voort te zetten tot hij een &#8220;normale&#8221; BMI (of BMI) bereikt.<\/p>\n\n\n\n<h2 class=\"wp-block-heading\">Wat zijn de voordelen van de intragastrische ballon?<\/h2>\n\n\n\n<p>De effectiviteit van de intragastrische ballon is niet meer te betwisten. In feite kiezen steeds meer mensen sinds de democratisering voor deze niet-agressieve oplossing: geen genezing, littekens of hechtingen!<\/p>\n\n\n\n<p>In tegenstelling tot bariatrische chirurgie, die zwaarder is in termen van herstel, risico&#8217;s op bijwerkingen en complicaties.<\/p>\n\n\n\n<p>De intragastrische ballon maakt het mogelijk om op lange termijn de levensstijl te verbeteren en alle ziekten gerelateerd aan obesitas en overgewicht die alleen maar erger worden met de leeftijd te voorkomen.<\/p>\n\n\n\n<h2 class=\"wp-block-heading\">Wat voor resultaten kun je verwachten?<\/h2>\n\n\n\n<p>Voor optimale resultaten is het essentieel om te kiezen voor een gerenommeerde kliniek die gespecialiseerd is in het plaatsen van de <strong><a href=\"https:\/\/ballon-gastrique.com\/en\/\" target=\"_blank\" rel=\"noreferrer noopener\">maagballon<\/a><\/strong>. Naast deze evidentie is het essentieel om de adviezen en voorschriften van alle artsen die voor u zorgen nauwgezet op te volgen.<\/p>\n\n\n\n<p>Wat betreft gewichtsverlies is een minimum van 3 kg gegarandeerd. Echter, dit kan oplopen tot 20 kg, of zelfs meer, afhankelijk van uw betrokkenheid. Gemiddeld kunt u in de eerste maand na het plaatsen van een intragastrische ballon 10 tot 30% van uw gewicht verliezen.<\/p>\n\n\n\n<figure class=\"wp-block-image size-large\"><img decoding=\"async\" width=\"1024\" height=\"647\" src=\"https:\/\/welliecare.com\/wp-content\/uploads\/2022\/12\/perte-de-poids-ballon-gastrique-1024x647.jpg\" alt=\"Gewichtsverlies met intragastrische ballon\" class=\"wp-image-6291\" srcset=\"https:\/\/welliecare.com\/wp-content\/uploads\/2022\/12\/perte-de-poids-ballon-gastrique-1024x647.jpg 1024w, https:\/\/welliecare.com\/wp-content\/uploads\/2022\/12\/perte-de-poids-ballon-gastrique-300x190.jpg 300w, https:\/\/welliecare.com\/wp-content\/uploads\/2022\/12\/perte-de-poids-ballon-gastrique-768x485.jpg 768w, https:\/\/welliecare.com\/wp-content\/uploads\/2022\/12\/perte-de-poids-ballon-gastrique-1536x970.jpg 1536w, https:\/\/welliecare.com\/wp-content\/uploads\/2022\/12\/perte-de-poids-ballon-gastrique-2048x1294.jpg 2048w, https:\/\/welliecare.com\/wp-content\/uploads\/2022\/12\/perte-de-poids-ballon-gastrique-231x146.jpg 231w, https:\/\/welliecare.com\/wp-content\/uploads\/2022\/12\/perte-de-poids-ballon-gastrique-50x32.jpg 50w, https:\/\/welliecare.com\/wp-content\/uploads\/2022\/12\/perte-de-poids-ballon-gastrique-119x75.jpg 119w\" sizes=\"(max-width:767px) 480px, (max-width:1024px) 100vw, 1024px\" \/><figcaption class=\"wp-element-caption\">Gewichtsverlies na plaatsing van de maagballon<\/figcaption><\/figure>\n\n\n\n<p class=\"has-background\" style=\"background-color:#f1fbfb\">De Welliecare-kliniek is gespecialiseerd in aandoeningen van het spijsverteringskanaal, met name in digestieve endoscopie en gewichtsverlies: <strong><a href=\"\/nl\/obesitas-overgewicht\/\" target=\"_blank\" rel=\"noreferrer noopener\">de ideale gewichtskliniek<\/a><\/strong>, en dit al sinds de jaren &#8217;80. Gelegen in Belgi\u00eb, in Brussels. Haar vele gezondheidswerkers zijn bereikbaar via het online <strong><a href=\"\/nl\/neem-afspraak\/\" target=\"_blank\" rel=\"noreferrer noopener\">afspraakformulier<\/a><\/strong>.<\/p>\n\n\n\n<p><\/p>\n","protected":false},"excerpt":{"rendered":"<p>Plaatsen van een maagballon De plaatsing van de maagballon is een procedure onder een lichte narcose gebracht via endoscopisch door een gastro-enteroloog Wat is de intra-gastrische ballon? De intra-gastrische ballon<span class=\"excerpt-hellip\"> [\u2026]<\/span><\/p>\n","protected":false},"author":1,"featured_media":0,"parent":0,"menu_order":0,"comment_status":"open","ping_status":"open","template":"","meta":{"footnotes":""},"class_list":["post-1104","page","type-page","status-publish","hentry"],"yoast_head":"<!-- This site is optimized with the Yoast SEO plugin v26.8 - https:\/\/yoast.com\/product\/yoast-seo-wordpress\/ -->\n<title>Behandeling van obesitas en overgewicht: De maagballon<\/title>\n<meta name=\"description\" content=\"De medische behandeling van overgewicht en obesitas gaat door een plaatsing van een maagballon. Hij verzekerd een gewichtsafname.\" \/>\n<meta name=\"robots\" content=\"index, follow, max-snippet:-1, max-image-preview:large, max-video-preview:-1\" \/>\n<link rel=\"canonical\" href=\"https:\/\/welliecare.com\/nl\/behandeling-van-obesitas-met-de-maagballon\/\" \/>\n<meta property=\"og:locale\" content=\"nl_BE\" \/>\n<meta property=\"og:type\" content=\"article\" \/>\n<meta property=\"og:title\" content=\"Behandeling van obesitas en overgewicht: De maagballon\" \/>\n<meta property=\"og:description\" content=\"De medische behandeling van overgewicht en obesitas gaat door een plaatsing van een maagballon. Hij verzekerd een gewichtsafname.\" \/>\n<meta property=\"og:url\" content=\"https:\/\/welliecare.com\/nl\/behandeling-van-obesitas-met-de-maagballon\/\" \/>\n<meta property=\"og:site_name\" content=\"Welliecare\" \/>\n<meta property=\"article:publisher\" content=\"https:\/\/www.facebook.com\/digestive.disease.group\/\" \/>\n<meta property=\"article:modified_time\" content=\"2025-04-08T10:22:31+00:00\" \/>\n<meta property=\"og:image\" content=\"https:\/\/welliecare.com\/wp-content\/uploads\/2016\/10\/pose-ballon-intra-gastrique.jpg\" \/>\n\t<meta property=\"og:image:width\" content=\"448\" \/>\n\t<meta property=\"og:image:height\" content=\"260\" \/>\n\t<meta property=\"og:image:type\" content=\"image\/jpeg\" \/>\n<meta name=\"twitter:card\" content=\"summary_large_image\" \/>\n<meta name=\"twitter:site\" content=\"@Centre_DDG\" \/>\n<meta name=\"twitter:label1\" content=\"Geschatte leestijd\" \/>\n\t<meta name=\"twitter:data1\" content=\"8 minuten\" \/>\n<script type=\"application\/ld+json\" class=\"yoast-schema-graph\">{\"@context\":\"https:\/\/schema.org\",\"@graph\":[{\"@type\":\"WebPage\",\"@id\":\"https:\/\/welliecare.com\/nl\/behandeling-van-obesitas-met-de-maagballon\/\",\"url\":\"https:\/\/welliecare.com\/nl\/behandeling-van-obesitas-met-de-maagballon\/\",\"name\":\"Behandeling van obesitas en overgewicht: De maagballon\",\"isPartOf\":{\"@id\":\"https:\/\/welliecare.com\/#website\"},\"primaryImageOfPage\":{\"@id\":\"https:\/\/welliecare.com\/nl\/behandeling-van-obesitas-met-de-maagballon\/#primaryimage\"},\"image\":{\"@id\":\"https:\/\/welliecare.com\/nl\/behandeling-van-obesitas-met-de-maagballon\/#primaryimage\"},\"thumbnailUrl\":\"https:\/\/welliecare.com\/wp-content\/uploads\/2016\/10\/pose-ballon-intra-gastrique.jpg\",\"datePublished\":\"2017-12-04T06:37:08+00:00\",\"dateModified\":\"2025-04-08T10:22:31+00:00\",\"description\":\"De medische behandeling van overgewicht en obesitas gaat door een plaatsing van een maagballon. Hij verzekerd een gewichtsafname.\",\"breadcrumb\":{\"@id\":\"https:\/\/welliecare.com\/nl\/behandeling-van-obesitas-met-de-maagballon\/#breadcrumb\"},\"inLanguage\":\"nl-BE\",\"potentialAction\":[{\"@type\":\"ReadAction\",\"target\":[\"https:\/\/welliecare.com\/nl\/behandeling-van-obesitas-met-de-maagballon\/\"]}]},{\"@type\":\"ImageObject\",\"inLanguage\":\"nl-BE\",\"@id\":\"https:\/\/welliecare.com\/nl\/behandeling-van-obesitas-met-de-maagballon\/#primaryimage\",\"url\":\"https:\/\/welliecare.com\/wp-content\/uploads\/2016\/10\/pose-ballon-intra-gastrique.jpg\",\"contentUrl\":\"https:\/\/welliecare.com\/wp-content\/uploads\/2016\/10\/pose-ballon-intra-gastrique.jpg\"},{\"@type\":\"BreadcrumbList\",\"@id\":\"https:\/\/welliecare.com\/nl\/behandeling-van-obesitas-met-de-maagballon\/#breadcrumb\",\"itemListElement\":[{\"@type\":\"ListItem\",\"position\":1,\"name\":\"Accueil\",\"item\":\"https:\/\/welliecare.com\/nl\/\"},{\"@type\":\"ListItem\",\"position\":2,\"name\":\"Behandeling van obesitas met de maagballon\"}]},{\"@type\":\"WebSite\",\"@id\":\"https:\/\/welliecare.com\/#website\",\"url\":\"https:\/\/welliecare.com\/\",\"name\":\"Welliecare\",\"description\":\"Centre m\u00e9dical du diagnostic et du traitement des pathologies digestives\",\"publisher\":{\"@id\":\"https:\/\/welliecare.com\/#organization\"},\"potentialAction\":[{\"@type\":\"SearchAction\",\"target\":{\"@type\":\"EntryPoint\",\"urlTemplate\":\"https:\/\/welliecare.com\/?s={search_term_string}\"},\"query-input\":{\"@type\":\"PropertyValueSpecification\",\"valueRequired\":true,\"valueName\":\"search_term_string\"}}],\"inLanguage\":\"nl-BE\"},{\"@type\":\"Organization\",\"@id\":\"https:\/\/welliecare.com\/#organization\",\"name\":\"DDG\",\"url\":\"https:\/\/welliecare.com\/\",\"logo\":{\"@type\":\"ImageObject\",\"inLanguage\":\"nl-BE\",\"@id\":\"https:\/\/welliecare.com\/#\/schema\/logo\/image\/\",\"url\":\"https:\/\/welliecare.com\/wp-content\/uploads\/2016\/10\/logo-1.png\",\"contentUrl\":\"https:\/\/welliecare.com\/wp-content\/uploads\/2016\/10\/logo-1.png\",\"width\":669,\"height\":669,\"caption\":\"DDG\"},\"image\":{\"@id\":\"https:\/\/welliecare.com\/#\/schema\/logo\/image\/\"},\"sameAs\":[\"https:\/\/www.facebook.com\/digestive.disease.group\/\",\"https:\/\/x.com\/Centre_DDG\",\"https:\/\/www.instagram.com\/centreddg\/\"]}]}<\/script>\n<!-- \/ Yoast SEO plugin. -->","yoast_head_json":{"title":"Behandeling van obesitas en overgewicht: De maagballon","description":"De medische behandeling van overgewicht en obesitas gaat door een plaatsing van een maagballon. Hij verzekerd een gewichtsafname.","robots":{"index":"index","follow":"follow","max-snippet":"max-snippet:-1","max-image-preview":"max-image-preview:large","max-video-preview":"max-video-preview:-1"},"canonical":"https:\/\/welliecare.com\/nl\/behandeling-van-obesitas-met-de-maagballon\/","og_locale":"nl_BE","og_type":"article","og_title":"Behandeling van obesitas en overgewicht: De maagballon","og_description":"De medische behandeling van overgewicht en obesitas gaat door een plaatsing van een maagballon. Hij verzekerd een gewichtsafname.","og_url":"https:\/\/welliecare.com\/nl\/behandeling-van-obesitas-met-de-maagballon\/","og_site_name":"Welliecare","article_publisher":"https:\/\/www.facebook.com\/digestive.disease.group\/","article_modified_time":"2025-04-08T10:22:31+00:00","og_image":[{"width":448,"height":260,"url":"https:\/\/welliecare.com\/wp-content\/uploads\/2016\/10\/pose-ballon-intra-gastrique.jpg","type":"image\/jpeg"}],"twitter_card":"summary_large_image","twitter_site":"@Centre_DDG","twitter_misc":{"Geschatte leestijd":"8 minuten"},"schema":{"@context":"https:\/\/schema.org","@graph":[{"@type":"WebPage","@id":"https:\/\/welliecare.com\/nl\/behandeling-van-obesitas-met-de-maagballon\/","url":"https:\/\/welliecare.com\/nl\/behandeling-van-obesitas-met-de-maagballon\/","name":"Behandeling van obesitas en overgewicht: De maagballon","isPartOf":{"@id":"https:\/\/welliecare.com\/#website"},"primaryImageOfPage":{"@id":"https:\/\/welliecare.com\/nl\/behandeling-van-obesitas-met-de-maagballon\/#primaryimage"},"image":{"@id":"https:\/\/welliecare.com\/nl\/behandeling-van-obesitas-met-de-maagballon\/#primaryimage"},"thumbnailUrl":"https:\/\/welliecare.com\/wp-content\/uploads\/2016\/10\/pose-ballon-intra-gastrique.jpg","datePublished":"2017-12-04T06:37:08+00:00","dateModified":"2025-04-08T10:22:31+00:00","description":"De medische behandeling van overgewicht en obesitas gaat door een plaatsing van een maagballon. Hij verzekerd een gewichtsafname.","breadcrumb":{"@id":"https:\/\/welliecare.com\/nl\/behandeling-van-obesitas-met-de-maagballon\/#breadcrumb"},"inLanguage":"nl-BE","potentialAction":[{"@type":"ReadAction","target":["https:\/\/welliecare.com\/nl\/behandeling-van-obesitas-met-de-maagballon\/"]}]},{"@type":"ImageObject","inLanguage":"nl-BE","@id":"https:\/\/welliecare.com\/nl\/behandeling-van-obesitas-met-de-maagballon\/#primaryimage","url":"https:\/\/welliecare.com\/wp-content\/uploads\/2016\/10\/pose-ballon-intra-gastrique.jpg","contentUrl":"https:\/\/welliecare.com\/wp-content\/uploads\/2016\/10\/pose-ballon-intra-gastrique.jpg"},{"@type":"BreadcrumbList","@id":"https:\/\/welliecare.com\/nl\/behandeling-van-obesitas-met-de-maagballon\/#breadcrumb","itemListElement":[{"@type":"ListItem","position":1,"name":"Accueil","item":"https:\/\/welliecare.com\/nl\/"},{"@type":"ListItem","position":2,"name":"Behandeling van obesitas met de maagballon"}]},{"@type":"WebSite","@id":"https:\/\/welliecare.com\/#website","url":"https:\/\/welliecare.com\/","name":"Welliecare","description":"Centre m\u00e9dical du diagnostic et du traitement des pathologies digestives","publisher":{"@id":"https:\/\/welliecare.com\/#organization"},"potentialAction":[{"@type":"SearchAction","target":{"@type":"EntryPoint","urlTemplate":"https:\/\/welliecare.com\/?s={search_term_string}"},"query-input":{"@type":"PropertyValueSpecification","valueRequired":true,"valueName":"search_term_string"}}],"inLanguage":"nl-BE"},{"@type":"Organization","@id":"https:\/\/welliecare.com\/#organization","name":"DDG","url":"https:\/\/welliecare.com\/","logo":{"@type":"ImageObject","inLanguage":"nl-BE","@id":"https:\/\/welliecare.com\/#\/schema\/logo\/image\/","url":"https:\/\/welliecare.com\/wp-content\/uploads\/2016\/10\/logo-1.png","contentUrl":"https:\/\/welliecare.com\/wp-content\/uploads\/2016\/10\/logo-1.png","width":669,"height":669,"caption":"DDG"},"image":{"@id":"https:\/\/welliecare.com\/#\/schema\/logo\/image\/"},"sameAs":["https:\/\/www.facebook.com\/digestive.disease.group\/","https:\/\/x.com\/Centre_DDG","https:\/\/www.instagram.com\/centreddg\/"]}]}},"_links":{"self":[{"href":"https:\/\/welliecare.com\/nl\/wp-json\/wp\/v2\/pages\/1104","targetHints":{"allow":["GET"]}}],"collection":[{"href":"https:\/\/welliecare.com\/nl\/wp-json\/wp\/v2\/pages"}],"about":[{"href":"https:\/\/welliecare.com\/nl\/wp-json\/wp\/v2\/types\/page"}],"author":[{"embeddable":true,"href":"https:\/\/welliecare.com\/nl\/wp-json\/wp\/v2\/users\/1"}],"replies":[{"embeddable":true,"href":"https:\/\/welliecare.com\/nl\/wp-json\/wp\/v2\/comments?post=1104"}],"version-history":[{"count":4,"href":"https:\/\/welliecare.com\/nl\/wp-json\/wp\/v2\/pages\/1104\/revisions"}],"predecessor-version":[{"id":20736,"href":"https:\/\/welliecare.com\/nl\/wp-json\/wp\/v2\/pages\/1104\/revisions\/20736"}],"wp:attachment":[{"href":"https:\/\/welliecare.com\/nl\/wp-json\/wp\/v2\/media?parent=1104"}],"curies":[{"name":"wp","href":"https:\/\/api.w.org\/{rel}","templated":true}]}}